{"id":12,"date":"2025-10-08T04:23:28","date_gmt":"2025-10-08T04:23:28","guid":{"rendered":"https:\/\/kokoro.vn\/index.php\/about\/"},"modified":"2025-11-07T04:36:30","modified_gmt":"2025-11-07T04:36:30","slug":"about","status":"publish","type":"page","link":"https:\/\/kokoro.vn\/ja\/about\/","title":{"rendered":"\u79c1\u9054\u306b\u3064\u3044\u3066"},"content":{"rendered":"<div class=\"wp-block-uagb-container uagb-block-4647fab8 alignfull uagb-is-root-container\"><div class=\"uagb-container-inner-blocks-wrap\">\n<div class=\"wp-block-uagb-advanced-heading uagb-block-6533e1ae\"><\/div>\n<\/div><\/div>\n\n\n\n<div class=\"wp-block-uagb-container uagb-block-676e7f3b alignfull uagb-is-root-container\"><div class=\"uagb-container-inner-blocks-wrap\">\n<div class=\"wp-block-uagb-advanced-heading uagb-block-9702b4fc\"><h4 class=\"uagb-heading-text\">\u713c\u8089Kokoro\u306f\u65e5\u672c\u6599\u7406\u3078\u306e\u611b\u60c5\u304b\u3089\u751f\u307e\u308c\u307e\u3057\u305f\u3002\u6d3e\u624b\u3055\u306f\u306a\u304f\u3001\u3057\u304b\u3057\u3001\u7d30\u90e8\u306b\u308f\u305f\u308b\u4e01\u5be7\u3055\u3068\u7cbe\u7dfb\u3055\u304b\u3089\u7279\u5225\u306a\u9b45\u529b\u3092\u6301\u3064\u6599\u7406\u3067\u3059\u3002<\/h4><\/div>\n\n\n\n<div class=\"wp-block-uagb-image aligncenter uagb-block-b1397b1b wp-block-uagb-image--layout-default wp-block-uagb-image--effect-static wp-block-uagb-image--align-center\"><figure class=\"wp-block-uagb-image__figure\"><img decoding=\"async\" srcset=\"https:\/\/kokoro.vn\/wp-content\/uploads\/2025\/10\/kokoro82-1024x819.jpg ,https:\/\/kokoro.vn\/wp-content\/uploads\/2025\/10\/kokoro82.jpg 780w, https:\/\/kokoro.vn\/wp-content\/uploads\/2025\/10\/kokoro82.jpg 360w\" sizes=\"auto, (max-width: 480px) 150px\" src=\"https:\/\/kokoro.vn\/wp-content\/uploads\/2025\/10\/kokoro82-1024x819.jpg\" alt=\"\" class=\"uag-image-1248\" width=\"1200\" height=\"648\" title=\"kokoro82\" loading=\"lazy\" role=\"img\"\/><\/figure><\/div>\n\n\n\n<div class=\"wp-block-uagb-container uagb-block-06db42e4\">\n<div class=\"wp-block-uagb-advanced-heading uagb-block-50ed503a\"><h2 class=\"uagb-heading-text\">\u79c1\u9054\u306b\u3064\u3044\u3066<\/h2><\/div>\n\n\n\n<div class=\"wp-block-uagb-advanced-heading uagb-block-282cc92b\"><h4 class=\"uagb-heading-text\">2009\u5e74\u5275\u696d\u300c\u713c\u8089\u5fc3\u300d<\/h4><p class=\"uagb-desc-text\">\u65e5\u672c\u6599\u7406\u306b\u304a\u3051\u308b\u7d20\u6674\u3089\u3057\u3044\u90e8\u5206\u306f\u3001\u4e94\u611f\u3067\u611f\u3058\u6ca1\u5165\u3059\u308b\u98df\u4e8b\u4f53\u9a13\u306e\u305f\u3081\u306e\u3001\u7e4a\u7d30\u3067\u629c\u304b\u308a\u306e\u7121\u3044\u98df\u4e8b\u524d\u306e\u6e96\u5099\u6bb5\u968e\u306b\u3042\u308a\u307e\u3059\u3002<br><br>\u30ec\u30b9\u30c8\u30e9\u30f3\u300c\u713c\u8089 \u5fc3\u300d\u3067\u306f\u3001\u79d8\u4f1d\u306e\u65b9\u6cd5\u3067\u4e0b\u5473\u3092\u3064\u3051\u305f\u8089\u3068\u540c\u69d8\u306b\u79d8\u4f1d\u306e\u30ec\u30b7\u30d4\u306b\u3088\u308b\u3064\u3051\u30c0\u30ec\u3067\u5b8c\u6210\u3055\u308c\u308b\u300c\u713c\u8089\u300d\u304c\u3001\u8d05\u6ca2\u306a\u98df\u4e8b\u3078\u306e\u671f\u5f85\u3092\u9ad8\u3081\u307e\u3059\u3002\u70ad\u706b\u3067\u713c\u3044\u305f\u8089\u306f\u3001\u5bb6\u65cf\u3084\u53cb\u9054\u306a\u3069\u3001\u5834\u9762\u3092\u554f\u308f\u305a\u3069\u3093\u306a\u98df\u4e8b\u30b7\u30fc\u30f3\u3067\u3082\u98df\u6b32\u3092\u305d\u305d\u308a\u307e\u3059\u3002<br><br>\u5c45\u5fc3\u5730\u306e\u826f\u3044\u5e97\u5185\u3068\u30d5\u30ec\u30f3\u30c9\u30ea\u30fc\u306a\u30b9\u30bf\u30c3\u30d5\u3068\u3068\u3082\u306b\u3001\u9ad8\u54c1\u8cea\u3067\u59a5\u5354\u306e\u306a\u3044\u6599\u7406\u3092\u304a\u5ba2\u69d8\u306b\u63d0\u4f9b\u3057\u7d9a\u3051\u307e\u3059\u3002\u30cf\u30ce\u30a4\u306e\u6700\u9ad8\u306e\u65e5\u672c\u98df\u30ec\u30b9\u30c8\u30e9\u30f3\u300c\u713c\u8089 \u5fc3\u300d\u3067\u304a\u5f85\u3061\u3057\u3066\u304a\u308a\u307e\u3059\u3002<\/p><\/div>\n\n\n\t\t\t\t\t<div\n\t\t\t\t\t\tclass=\"wp-block-uagb-image-gallery uagb-block-33e7b350\"\n\t\t\t\t\t\tstyle=\"\"\n\t\t\t\t\t>\n\t\t\t\t\t\t\t\t\t\t\t<div class=\"spectra-image-gallery spectra-image-gallery__layout--grid spectra-image-gallery__layout--grid-col-3 spectra-image-gallery__layout--grid-col-tab-3 spectra-image-gallery__layout--grid-col-mob-2\">\n\t\t\t\t\t\t\t\t\t\t\t<div class='spectra-image-gallery__media-wrapper' data-spectra-gallery-image-id='1635' tabindex=\"0\">\n\t\t\t\t\t\t\t<div class=\"spectra-image-gallery__media spectra-image-gallery__media--grid\">\n\t\t\t\t<picture>\n\t\t\t\t\t<source media=\"(min-width: 1024px)\" srcset=\"https:\/\/kokoro.vn\/wp-content\/uploads\/2025\/10\/3241777972847763896-1024x684.jpg\">\n\t\t\t\t\t<source media=\"(min-width: 768px)\" srcset=\"https:\/\/kokoro.vn\/wp-content\/uploads\/2025\/10\/3241777972847763896-1024x684.jpg\">\n\t\t\t\t\t<img decoding=\"async\" class=\"spectra-image-gallery__media-thumbnail spectra-image-gallery__media-thumbnail--grid\" src=\"https:\/\/kokoro.vn\/wp-content\/uploads\/2025\/10\/3241777972847763896-300x200.jpg\" alt=\"\" loading=\"lazy\" \/>\n\t\t\t\t<\/picture>\n\t\t\t\t<div class=\"spectra-image-gallery__media-thumbnail-blurrer\"><\/div>\n\t\t\t\t\t\t\t\t\t\t\t<div class=\"spectra-image-gallery__media-thumbnail-caption-wrapper spectra-image-gallery__media-thumbnail-caption-wrapper--overlay\"><\/div>\n\t\t\t\t\t\t\t\t<\/div>\n\t\t\t\t\t\t<\/div>\n\t\t\t\t\t\t<div class='spectra-image-gallery__media-wrapper' data-spectra-gallery-image-id='1634' tabindex=\"0\">\n\t\t\t\t\t\t\t<div class=\"spectra-image-gallery__media spectra-image-gallery__media--grid\">\n\t\t\t\t<picture>\n\t\t\t\t\t<source media=\"(min-width: 1024px)\" srcset=\"https:\/\/kokoro.vn\/wp-content\/uploads\/2025\/10\/1533111120807628447-768x1024.jpg\">\n\t\t\t\t\t<source media=\"(min-width: 768px)\" srcset=\"https:\/\/kokoro.vn\/wp-content\/uploads\/2025\/10\/1533111120807628447-768x1024.jpg\">\n\t\t\t\t\t<img decoding=\"async\" class=\"spectra-image-gallery__media-thumbnail spectra-image-gallery__media-thumbnail--grid\" src=\"https:\/\/kokoro.vn\/wp-content\/uploads\/2025\/10\/1533111120807628447-225x300.jpg\" alt=\"\" loading=\"lazy\" \/>\n\t\t\t\t<\/picture>\n\t\t\t\t<div class=\"spectra-image-gallery__media-thumbnail-blurrer\"><\/div>\n\t\t\t\t\t\t\t\t\t\t\t<div class=\"spectra-image-gallery__media-thumbnail-caption-wrapper spectra-image-gallery__media-thumbnail-caption-wrapper--overlay\"><\/div>\n\t\t\t\t\t\t\t\t<\/div>\n\t\t\t\t\t\t<\/div>\n\t\t\t\t\t\t<div class='spectra-image-gallery__media-wrapper' data-spectra-gallery-image-id='1633' tabindex=\"0\">\n\t\t\t\t\t\t\t<div class=\"spectra-image-gallery__media spectra-image-gallery__media--grid\">\n\t\t\t\t<picture>\n\t\t\t\t\t<source media=\"(min-width: 1024px)\" srcset=\"https:\/\/kokoro.vn\/wp-content\/uploads\/2025\/10\/98a6c3eedb5956070f48-768x1024.jpg\">\n\t\t\t\t\t<source media=\"(min-width: 768px)\" srcset=\"https:\/\/kokoro.vn\/wp-content\/uploads\/2025\/10\/98a6c3eedb5956070f48-768x1024.jpg\">\n\t\t\t\t\t<img decoding=\"async\" class=\"spectra-image-gallery__media-thumbnail spectra-image-gallery__media-thumbnail--grid\" src=\"https:\/\/kokoro.vn\/wp-content\/uploads\/2025\/10\/98a6c3eedb5956070f48-225x300.jpg\" alt=\"\" loading=\"lazy\" \/>\n\t\t\t\t<\/picture>\n\t\t\t\t<div class=\"spectra-image-gallery__media-thumbnail-blurrer\"><\/div>\n\t\t\t\t\t\t\t\t\t\t\t<div class=\"spectra-image-gallery__media-thumbnail-caption-wrapper spectra-image-gallery__media-thumbnail-caption-wrapper--overlay\"><\/div>\n\t\t\t\t\t\t\t\t<\/div>\n\t\t\t\t\t\t<\/div>\n\t\t\t\t\t\t<div class='spectra-image-gallery__media-wrapper' data-spectra-gallery-image-id='1632' tabindex=\"0\">\n\t\t\t\t\t\t\t<div class=\"spectra-image-gallery__media spectra-image-gallery__media--grid\">\n\t\t\t\t<picture>\n\t\t\t\t\t<source media=\"(min-width: 1024px)\" srcset=\"https:\/\/kokoro.vn\/wp-content\/uploads\/2025\/10\/1778072245419384069-1024x768.jpg\">\n\t\t\t\t\t<source media=\"(min-width: 768px)\" srcset=\"https:\/\/kokoro.vn\/wp-content\/uploads\/2025\/10\/1778072245419384069-1024x768.jpg\">\n\t\t\t\t\t<img decoding=\"async\" class=\"spectra-image-gallery__media-thumbnail spectra-image-gallery__media-thumbnail--grid\" src=\"https:\/\/kokoro.vn\/wp-content\/uploads\/2025\/10\/1778072245419384069-300x225.jpg\" alt=\"\" loading=\"lazy\" \/>\n\t\t\t\t<\/picture>\n\t\t\t\t<div class=\"spectra-image-gallery__media-thumbnail-blurrer\"><\/div>\n\t\t\t\t\t\t\t\t\t\t\t<div class=\"spectra-image-gallery__media-thumbnail-caption-wrapper spectra-image-gallery__media-thumbnail-caption-wrapper--overlay\"><\/div>\n\t\t\t\t\t\t\t\t<\/div>\n\t\t\t\t\t\t<\/div>\n\t\t\t\t\t\t<div class='spectra-image-gallery__media-wrapper' data-spectra-gallery-image-id='1631' tabindex=\"0\">\n\t\t\t\t\t\t\t<div class=\"spectra-image-gallery__media spectra-image-gallery__media--grid\">\n\t\t\t\t<picture>\n\t\t\t\t\t<source media=\"(min-width: 1024px)\" srcset=\"https:\/\/kokoro.vn\/wp-content\/uploads\/2025\/10\/214046387066152551.jpg\">\n\t\t\t\t\t<source media=\"(min-width: 768px)\" srcset=\"https:\/\/kokoro.vn\/wp-content\/uploads\/2025\/10\/214046387066152551.jpg\">\n\t\t\t\t\t<img decoding=\"async\" class=\"spectra-image-gallery__media-thumbnail spectra-image-gallery__media-thumbnail--grid\" src=\"https:\/\/kokoro.vn\/wp-content\/uploads\/2025\/10\/214046387066152551-300x224.jpg\" alt=\"\" loading=\"lazy\" \/>\n\t\t\t\t<\/picture>\n\t\t\t\t<div class=\"spectra-image-gallery__media-thumbnail-blurrer\"><\/div>\n\t\t\t\t\t\t\t\t\t\t\t<div class=\"spectra-image-gallery__media-thumbnail-caption-wrapper spectra-image-gallery__media-thumbnail-caption-wrapper--overlay\"><\/div>\n\t\t\t\t\t\t\t\t<\/div>\n\t\t\t\t\t\t<\/div>\n\t\t\t\t\t\t<div class='spectra-image-gallery__media-wrapper' data-spectra-gallery-image-id='1243' tabindex=\"0\">\n\t\t\t\t\t\t\t<div class=\"spectra-image-gallery__media spectra-image-gallery__media--grid\">\n\t\t\t\t<picture>\n\t\t\t\t\t<source media=\"(min-width: 1024px)\" srcset=\"https:\/\/kokoro.vn\/wp-content\/uploads\/2025\/10\/kokoro82linhlang-768x1024.jpg\">\n\t\t\t\t\t<source media=\"(min-width: 768px)\" srcset=\"https:\/\/kokoro.vn\/wp-content\/uploads\/2025\/10\/kokoro82linhlang-768x1024.jpg\">\n\t\t\t\t\t<img decoding=\"async\" class=\"spectra-image-gallery__media-thumbnail spectra-image-gallery__media-thumbnail--grid\" src=\"https:\/\/kokoro.vn\/wp-content\/uploads\/2025\/10\/kokoro82linhlang-225x300.jpg\" alt=\"\" loading=\"lazy\" \/>\n\t\t\t\t<\/picture>\n\t\t\t\t<div class=\"spectra-image-gallery__media-thumbnail-blurrer\"><\/div>\n\t\t\t\t\t\t\t\t\t\t\t<div class=\"spectra-image-gallery__media-thumbnail-caption-wrapper spectra-image-gallery__media-thumbnail-caption-wrapper--overlay\"><\/div>\n\t\t\t\t\t\t\t\t<\/div>\n\t\t\t\t\t\t<\/div>\n\t\t\t\t\t\t\t\t\t\t<\/div>\n\t\t\t\t\t\t\t\t\t\t\t\t\t\t\t\t\t\t<\/div>\n\t\t\t\t\t\t\t\t\t\t\t<div class='spectra-image-gallery__control-lightbox' tabindex='0'>\n\t\t\t\t\t\t\t\t\t\t\t<div class=\"swiper spectra-image-gallery__control-lightbox--main\" dir=\"\">\n\t\t\t\t\t<div class=\"swiper-wrapper\">\n\t\t\t\t\t\t\t\t\t\t\t\t\t\n\t\t\t\t\t\t\t<div class=\"swiper-slide\">\n\t\t\t\t\t\t\t\t<img class=\"swiper-lazy\" data-src=\"https:\/\/kokoro.vn\/wp-content\/uploads\/2025\/10\/3241777972847763896.jpg\" alt=\"\"\/>\n\t\t\t\t\t\t\t\t<div class=\"swiper-lazy-preloader swiper-lazy-preloader-white\"><\/div>\n\t\t\t\t\t\t\t\t\t\t\t\t\t\t\t<\/div>\n\t\t\t\t\t\t\t\t\t\t\t\t\t\n\t\t\t\t\t\t\t<div class=\"swiper-slide\">\n\t\t\t\t\t\t\t\t<img class=\"swiper-lazy\" data-src=\"https:\/\/kokoro.vn\/wp-content\/uploads\/2025\/10\/1533111120807628447.jpg\" alt=\"\"\/>\n\t\t\t\t\t\t\t\t<div class=\"swiper-lazy-preloader swiper-lazy-preloader-white\"><\/div>\n\t\t\t\t\t\t\t\t\t\t\t\t\t\t\t<\/div>\n\t\t\t\t\t\t\t\t\t\t\t\t\t\n\t\t\t\t\t\t\t<div class=\"swiper-slide\">\n\t\t\t\t\t\t\t\t<img class=\"swiper-lazy\" data-src=\"https:\/\/kokoro.vn\/wp-content\/uploads\/2025\/10\/98a6c3eedb5956070f48.jpg\" alt=\"\"\/>\n\t\t\t\t\t\t\t\t<div class=\"swiper-lazy-preloader swiper-lazy-preloader-white\"><\/div>\n\t\t\t\t\t\t\t\t\t\t\t\t\t\t\t<\/div>\n\t\t\t\t\t\t\t\t\t\t\t\t\t\n\t\t\t\t\t\t\t<div class=\"swiper-slide\">\n\t\t\t\t\t\t\t\t<img class=\"swiper-lazy\" data-src=\"https:\/\/kokoro.vn\/wp-content\/uploads\/2025\/10\/1778072245419384069.jpg\" alt=\"\"\/>\n\t\t\t\t\t\t\t\t<div class=\"swiper-lazy-preloader swiper-lazy-preloader-white\"><\/div>\n\t\t\t\t\t\t\t\t\t\t\t\t\t\t\t<\/div>\n\t\t\t\t\t\t\t\t\t\t\t\t\t\n\t\t\t\t\t\t\t<div class=\"swiper-slide\">\n\t\t\t\t\t\t\t\t<img class=\"swiper-lazy\" data-src=\"https:\/\/kokoro.vn\/wp-content\/uploads\/2025\/10\/214046387066152551.jpg\" alt=\"\"\/>\n\t\t\t\t\t\t\t\t<div class=\"swiper-lazy-preloader swiper-lazy-preloader-white\"><\/div>\n\t\t\t\t\t\t\t\t\t\t\t\t\t\t\t<\/div>\n\t\t\t\t\t\t\t\t\t\t\t\t\t\n\t\t\t\t\t\t\t<div class=\"swiper-slide\">\n\t\t\t\t\t\t\t\t<img class=\"swiper-lazy\" data-src=\"https:\/\/kokoro.vn\/wp-content\/uploads\/2025\/10\/kokoro82linhlang.jpg\" alt=\"\"\/>\n\t\t\t\t\t\t\t\t<div class=\"swiper-lazy-preloader swiper-lazy-preloader-white\"><\/div>\n\t\t\t\t\t\t\t\t\t\t\t\t\t\t\t<\/div>\n\t\t\t\t\t\t\t\t\t\t\t<\/div>\n\t\t\t\t\t<div class=\"swiper-button-next\"><\/div>\n\t\t\t\t\t<div class=\"swiper-button-prev\"><\/div>\n\t\t\t\t<\/div>\t\t\t\n\t\t\t\t\t\t\t\t\t\t\t\t\t\t\t\t\t\t\t\t\t\t\t\t\t<div class='spectra-image-gallery__control-lightbox--count'>\n\t\t\t\t\t\t\t\t\t\t\t\t\t\t\t\t\t\t\t<span class='spectra-image-gallery__control-lightbox--count-page'>1<\/span>\/<span class='spectra-image-gallery__control-lightbox--count-total'>1<\/span>\n\t\t\t\t\t\t\t\t\t\t\t\t\t\t\t\t\t\t\n\t\t\t\t\t\t\t\t<\/div>\n\t\t\t\t\t\t\t\t\t\t\t\t\t\t\t\t\t\t\t\t\t\t<button class='spectra-image-gallery__control-lightbox--close' aria-label=\"Close\">\n\t\t\t\t\t\t\t\t\t\t\t\t\t<svg xmlns=\"https:\/\/www.w3.org\/2000\/svg\" viewbox= \"0 0 320 512\"><path d=\"M310.6 361.4c12.5 12.5 12.5 32.75 0 45.25C304.4 412.9 296.2 416 288 416s-16.38-3.125-22.62-9.375L160 301.3L54.63 406.6C48.38 412.9 40.19 416 32 416S15.63 412.9 9.375 406.6c-12.5-12.5-12.5-32.75 0-45.25l105.4-105.4L9.375 150.6c-12.5-12.5-12.5-32.75 0-45.25s32.75-12.5 45.25 0L160 210.8l105.4-105.4c12.5-12.5 32.75-12.5 45.25 0s12.5 32.75 0 45.25l-105.4 105.4L310.6 361.4z\"><\/path><\/svg>\n\t\t\t\t\t\t\t\t\t\t\t\t<\/button>\n\t\t\t\t\t\t\t\t\t\t\t\t\t<\/div>\n\t\t\t\t\t\t\t\t\t<\/div>\n<\/div><\/div>","protected":false},"excerpt":{"rendered":"<p>Yakiniku Kokoro \u0111\u01b0\u1ee3c sinh ra t\u1eeb t\u00ecnh y\u00eau d\u00e0nh cho \u1ea9m th\u1ef1c Nh\u1eadt B\u1ea3n \u2014 th\u1ee9 \u1ea9m th\u1ef1c kh\u00f4ng ph\u00f4 tr\u01b0\u01a1ng, nh\u01b0ng l\u1ea1i c\u00f3 s\u1ee9c h\u00fat \u0111\u1eb7c bi\u1ec7t t\u1eeb s\u1ef1 ch\u1ec9n chu v\u00e0 tinh t\u1ebf trong t\u1eebng chi ti\u1ebft. Gi\u1edbi thi\u1ec7u Yakiniku Kokoro th\u00e0nh l\u1eadp n\u0103m 2009 Trong ngh\u1ec7 thu\u1eadt \u1ea9m th\u1ef1c Nh\u1eadt B\u1ea3n, ph\u1ea7n th\u00fa v\u1ecb nh\u1ea5t c\u1ee7a m\u1ed9t b\u1eefa \u0103n tuy\u1ec7t v\u1eddi l\u00e0 qu\u00e1 tr\u00ecnh chu\u1ea9n b\u1ecb tinh t\u1ebf v\u00e0 ho\u00e0n h\u1ea3o \u0111\u1ec3 \u0111\u1ea3m b\u1ea3o tr\u1ea3i nghi\u1ec7m c\u1ee7a m\u1ed7i b\u1eefa \u0103n \u0111i k\u00e8m v\u1edbi 5 gi\u00e1c quan. T\u1ea1i nh\u00e0 h\u00e0ng Yakiniku Kokoro, b\u1ea1n s\u1ebd \u0111\u01b0\u1ee3c tr\u1ea3i nghi\u1ec7m b\u1eefa \u0103n th\u1ecbnh so\u1ea1n mang h\u01b0\u01a1ng v\u1ecb chu\u1ea9n Nh\u1eadt t\u1eeb n\u01b0\u1edbc [&hellip;]<\/p>","protected":false},"author":1,"featured_media":0,"parent":0,"menu_order":0,"comment_status":"closed","ping_status":"closed","template":"","meta":{"_uag_custom_page_level_css":"","site-sidebar-layout":"no-sidebar","site-content-layout":"plain-container","ast-site-content-layout":"normal-width-container","site-content-style":"unboxed","site-sidebar-style":"unboxed","ast-global-header-display":"","ast-banner-title-visibility":"","ast-main-header-display":"","ast-hfb-above-header-display":"","ast-hfb-below-header-display":"","ast-hfb-mobile-header-display":"","site-post-title":"disabled","ast-breadcrumbs-content":"","ast-featured-img":"","footer-sml-layout":"","theme-transparent-header-meta":"enabled","adv-header-id-meta":"","stick-header-meta":"","header-above-stick-meta":"","header-main-stick-meta":"","header-below-stick-meta":"","astra-migrate-meta-layouts":"set","ast-page-background-enabled":"default","ast-page-background-meta":{"desktop":{"background-color":"var(--ast-global-color-4)","background-image":"","background-repeat":"repeat","background-position":"center center","background-size":"auto","background-attachment":"scroll","background-type":"","background-media":"","overlay-type":"","overlay-color":"","overlay-opacity":"","overlay-gradient":""},"tablet":{"background-color":"","background-image":"","background-repeat":"repeat","background-position":"center center","background-size":"auto","background-attachment":"scroll","background-type":"","background-media":"","overlay-type":"","overlay-color":"","overlay-opacity":"","overlay-gradient":""},"mobile":{"background-color":"","background-image":"","background-repeat":"repeat","background-position":"center center","background-size":"auto","background-attachment":"scroll","background-type":"","background-media":"","overlay-type":"","overlay-color":"","overlay-opacity":"","overlay-gradient":""}},"ast-content-background-meta":{"desktop":{"background-color":"var(--ast-global-color-5)","background-image":"","background-repeat":"repeat","background-position":"center center","background-size":"auto","background-attachment":"scroll","background-type":"","background-media":"","overlay-type":"","overlay-color":"","overlay-opacity":"","overlay-gradient":""},"tablet":{"background-color":"var(--ast-global-color-5)","background-image":"","background-repeat":"repeat","background-position":"center center","background-size":"auto","background-attachment":"scroll","background-type":"","background-media":"","overlay-type":"","overlay-color":"","overlay-opacity":"","overlay-gradient":""},"mobile":{"background-color":"var(--ast-global-color-5)","background-image":"","background-repeat":"repeat","background-position":"center center","background-size":"auto","background-attachment":"scroll","background-type":"","background-media":"","overlay-type":"","overlay-color":"","overlay-opacity":"","overlay-gradient":""}},"footnotes":""},"class_list":["post-12","page","type-page","status-publish","hentry"],"uagb_featured_image_src":{"full":false,"thumbnail":false,"medium":false,"medium_large":false,"large":false,"1536x1536":false,"2048x2048":false,"trp-custom-language-flag":false},"uagb_author_info":{"display_name":"admin","author_link":"https:\/\/kokoro.vn\/ja\/author\/admin\/"},"uagb_comment_info":0,"uagb_excerpt":"Yakiniku Kokoro \u0111\u01b0\u1ee3c sinh ra t\u1eeb t\u00ecnh y\u00eau d\u00e0nh cho \u1ea9m th\u1ef1c Nh\u1eadt B\u1ea3n \u2014 th\u1ee9 \u1ea9m th\u1ef1c kh\u00f4ng ph\u00f4 tr\u01b0\u01a1ng, nh\u01b0ng l\u1ea1i c\u00f3 s\u1ee9c h\u00fat \u0111\u1eb7c bi\u1ec7t t\u1eeb s\u1ef1 ch\u1ec9n chu v\u00e0 tinh t\u1ebf trong t\u1eebng chi ti\u1ebft. Gi\u1edbi thi\u1ec7u Yakiniku Kokoro th\u00e0nh l\u1eadp n\u0103m 2009 Trong ngh\u1ec7 thu\u1eadt \u1ea9m th\u1ef1c Nh\u1eadt B\u1ea3n, ph\u1ea7n&hellip;","_links":{"self":[{"href":"https:\/\/kokoro.vn\/ja\/wp-json\/wp\/v2\/pages\/12","targetHints":{"allow":["GET"]}}],"collection":[{"href":"https:\/\/kokoro.vn\/ja\/wp-json\/wp\/v2\/pages"}],"about":[{"href":"https:\/\/kokoro.vn\/ja\/wp-json\/wp\/v2\/types\/page"}],"author":[{"embeddable":true,"href":"https:\/\/kokoro.vn\/ja\/wp-json\/wp\/v2\/users\/1"}],"replies":[{"embeddable":true,"href":"https:\/\/kokoro.vn\/ja\/wp-json\/wp\/v2\/comments?post=12"}],"version-history":[{"count":39,"href":"https:\/\/kokoro.vn\/ja\/wp-json\/wp\/v2\/pages\/12\/revisions"}],"predecessor-version":[{"id":1754,"href":"https:\/\/kokoro.vn\/ja\/wp-json\/wp\/v2\/pages\/12\/revisions\/1754"}],"wp:attachment":[{"href":"https:\/\/kokoro.vn\/ja\/wp-json\/wp\/v2\/media?parent=12"}],"curies":[{"name":"wp","href":"https:\/\/api.w.org\/{rel}","templated":true}]}}